{"id":5006,"date":"2017-06-28T08:45:08","date_gmt":"2017-06-28T07:45:08","guid":{"rendered":"https:\/\/sdz1qwqzc1.onrocket.site\/vorlage-fur-produktblatter-der-modebranche\/"},"modified":"2021-09-10T11:27:00","modified_gmt":"2021-09-10T10:27:00","slug":"vorlage-fur-produktblatter-der-modebranche","status":"publish","type":"page","link":"https:\/\/pagination.com\/de\/vorlage-fur-produktblatter-der-modebranche\/","title":{"rendered":"Vorlage f\u00fcr Produktbl\u00e4tter der Modebranche"},"content":{"rendered":"","protected":false},"excerpt":{"rendered":"","protected":false},"author":2,"featured_media":0,"parent":0,"menu_order":0,"comment_status":"closed","ping_status":"closed","template":"templates\/new-page.php","meta":{"_acf_changed":false,"inline_featured_image":false,"footnotes":""},"class_list":["post-5006","page","type-page","status-publish","hentry"],"acf":[],"yoast_head":"<!-- This site is optimized with the Yoast SEO Premium plugin v27.2 (Yoast SEO v27.2) - https:\/\/yoast.com\/product\/yoast-seo-premium-wordpress\/ -->\n<title>Vorlage f\u00fcr Produktbl\u00e4tter der Modebranche - Pagination.com<\/title>\n<meta name=\"description\" content=\"Erfahren Sie, wie einen Katalog f\u00fcr Ihr Modegesch\u00e4ft erstellen lassen k\u00f6nnen. Schauen Sie sich unsere Anleitung an und laden die freie Vorlage herunter.\" \/>\n<meta name=\"robots\" content=\"index, follow, max-snippet:-1, max-image-preview:large, max-video-preview:-1\" \/>\n<link rel=\"canonical\" href=\"https:\/\/pagination.com\/de\/vorlage-fur-produktblatter-der-modebranche\/\" \/>\n<meta property=\"og:locale\" content=\"de_DE\" \/>\n<meta property=\"og:type\" content=\"article\" \/>\n<meta property=\"og:title\" content=\"Vorlage f\u00fcr Produktbl\u00e4tter der Modebranche\" \/>\n<meta property=\"og:description\" content=\"Erfahren Sie, wie einen Katalog f\u00fcr Ihr Modegesch\u00e4ft erstellen lassen k\u00f6nnen. Schauen Sie sich unsere Anleitung an und laden die freie Vorlage herunter.\" \/>\n<meta property=\"og:url\" content=\"https:\/\/pagination.com\/de\/vorlage-fur-produktblatter-der-modebranche\/\" \/>\n<meta property=\"og:site_name\" content=\"Pagination.com\" \/>\n<meta property=\"article:publisher\" content=\"https:\/\/www.facebook.com\/paginationdotcom\/\" \/>\n<meta property=\"article:modified_time\" content=\"2021-09-10T10:27:00+00:00\" \/>\n<meta name=\"twitter:card\" content=\"summary_large_image\" \/>\n<meta name=\"twitter:site\" content=\"@pagination_com\" \/>\n<script type=\"application\/ld+json\" class=\"yoast-schema-graph\">{\"@context\":\"https:\/\/schema.org\",\"@graph\":[{\"@type\":\"WebPage\",\"@id\":\"https:\/\/pagination.com\/de\/vorlage-fur-produktblatter-der-modebranche\/\",\"url\":\"https:\/\/pagination.com\/de\/vorlage-fur-produktblatter-der-modebranche\/\",\"name\":\"Vorlage f\u00fcr Produktbl\u00e4tter der Modebranche - Pagination.com\",\"isPartOf\":{\"@id\":\"https:\/\/pagination.com\/de\/#website\"},\"datePublished\":\"2017-06-28T07:45:08+00:00\",\"dateModified\":\"2021-09-10T10:27:00+00:00\",\"description\":\"Erfahren Sie, wie einen Katalog f\u00fcr Ihr Modegesch\u00e4ft erstellen lassen k\u00f6nnen. Schauen Sie sich unsere Anleitung an und laden die freie Vorlage herunter.\",\"breadcrumb\":{\"@id\":\"https:\/\/pagination.com\/de\/vorlage-fur-produktblatter-der-modebranche\/#breadcrumb\"},\"inLanguage\":\"de\",\"potentialAction\":[{\"@type\":\"ReadAction\",\"target\":[\"https:\/\/pagination.com\/de\/vorlage-fur-produktblatter-der-modebranche\/\"]}]},{\"@type\":\"BreadcrumbList\",\"@id\":\"https:\/\/pagination.com\/de\/vorlage-fur-produktblatter-der-modebranche\/#breadcrumb\",\"itemListElement\":[{\"@type\":\"ListItem\",\"position\":1,\"name\":\"Home\",\"item\":\"https:\/\/pagination.com\/de\/\"},{\"@type\":\"ListItem\",\"position\":2,\"name\":\"Vorlage f\u00fcr Produktbl\u00e4tter der Modebranche\"}]},{\"@type\":\"WebSite\",\"@id\":\"https:\/\/pagination.com\/de\/#website\",\"url\":\"https:\/\/pagination.com\/de\/\",\"name\":\"Pagination.com\",\"description\":\"Software for Better Database Publishing\",\"potentialAction\":[{\"@type\":\"SearchAction\",\"target\":{\"@type\":\"EntryPoint\",\"urlTemplate\":\"https:\/\/pagination.com\/de\/?s={search_term_string}\"},\"query-input\":{\"@type\":\"PropertyValueSpecification\",\"valueRequired\":true,\"valueName\":\"search_term_string\"}}],\"inLanguage\":\"de\"}]}<\/script>\n<!-- \/ Yoast SEO Premium plugin. -->","yoast_head_json":{"title":"Vorlage f\u00fcr Produktbl\u00e4tter der Modebranche - Pagination.com","description":"Erfahren Sie, wie einen Katalog f\u00fcr Ihr Modegesch\u00e4ft erstellen lassen k\u00f6nnen. Schauen Sie sich unsere Anleitung an und laden die freie Vorlage herunter.","robots":{"index":"index","follow":"follow","max-snippet":"max-snippet:-1","max-image-preview":"max-image-preview:large","max-video-preview":"max-video-preview:-1"},"canonical":"https:\/\/pagination.com\/de\/vorlage-fur-produktblatter-der-modebranche\/","og_locale":"de_DE","og_type":"article","og_title":"Vorlage f\u00fcr Produktbl\u00e4tter der Modebranche","og_description":"Erfahren Sie, wie einen Katalog f\u00fcr Ihr Modegesch\u00e4ft erstellen lassen k\u00f6nnen. Schauen Sie sich unsere Anleitung an und laden die freie Vorlage herunter.","og_url":"https:\/\/pagination.com\/de\/vorlage-fur-produktblatter-der-modebranche\/","og_site_name":"Pagination.com","article_publisher":"https:\/\/www.facebook.com\/paginationdotcom\/","article_modified_time":"2021-09-10T10:27:00+00:00","twitter_card":"summary_large_image","twitter_site":"@pagination_com","schema":{"@context":"https:\/\/schema.org","@graph":[{"@type":"WebPage","@id":"https:\/\/pagination.com\/de\/vorlage-fur-produktblatter-der-modebranche\/","url":"https:\/\/pagination.com\/de\/vorlage-fur-produktblatter-der-modebranche\/","name":"Vorlage f\u00fcr Produktbl\u00e4tter der Modebranche - Pagination.com","isPartOf":{"@id":"https:\/\/pagination.com\/de\/#website"},"datePublished":"2017-06-28T07:45:08+00:00","dateModified":"2021-09-10T10:27:00+00:00","description":"Erfahren Sie, wie einen Katalog f\u00fcr Ihr Modegesch\u00e4ft erstellen lassen k\u00f6nnen. Schauen Sie sich unsere Anleitung an und laden die freie Vorlage herunter.","breadcrumb":{"@id":"https:\/\/pagination.com\/de\/vorlage-fur-produktblatter-der-modebranche\/#breadcrumb"},"inLanguage":"de","potentialAction":[{"@type":"ReadAction","target":["https:\/\/pagination.com\/de\/vorlage-fur-produktblatter-der-modebranche\/"]}]},{"@type":"BreadcrumbList","@id":"https:\/\/pagination.com\/de\/vorlage-fur-produktblatter-der-modebranche\/#breadcrumb","itemListElement":[{"@type":"ListItem","position":1,"name":"Home","item":"https:\/\/pagination.com\/de\/"},{"@type":"ListItem","position":2,"name":"Vorlage f\u00fcr Produktbl\u00e4tter der Modebranche"}]},{"@type":"WebSite","@id":"https:\/\/pagination.com\/de\/#website","url":"https:\/\/pagination.com\/de\/","name":"Pagination.com","description":"Software for Better Database Publishing","potentialAction":[{"@type":"SearchAction","target":{"@type":"EntryPoint","urlTemplate":"https:\/\/pagination.com\/de\/?s={search_term_string}"},"query-input":{"@type":"PropertyValueSpecification","valueRequired":true,"valueName":"search_term_string"}}],"inLanguage":"de"}]}},"_links":{"self":[{"href":"https:\/\/pagination.com\/de\/wp-json\/wp\/v2\/pages\/5006","targetHints":{"allow":["GET"]}}],"collection":[{"href":"https:\/\/pagination.com\/de\/wp-json\/wp\/v2\/pages"}],"about":[{"href":"https:\/\/pagination.com\/de\/wp-json\/wp\/v2\/types\/page"}],"author":[{"embeddable":true,"href":"https:\/\/pagination.com\/de\/wp-json\/wp\/v2\/users\/2"}],"replies":[{"embeddable":true,"href":"https:\/\/pagination.com\/de\/wp-json\/wp\/v2\/comments?post=5006"}],"version-history":[{"count":0,"href":"https:\/\/pagination.com\/de\/wp-json\/wp\/v2\/pages\/5006\/revisions"}],"wp:attachment":[{"href":"https:\/\/pagination.com\/de\/wp-json\/wp\/v2\/media?parent=5006"}],"curies":[{"name":"wp","href":"https:\/\/api.w.org\/{rel}","templated":true}]}}