{"id":1000471,"date":"2026-04-08T15:21:27","date_gmt":"2026-04-08T13:21:27","guid":{"rendered":"https:\/\/sdz1qwqzc1-staging.onrocket.site\/de-datos-del-digital-product-passport-a-documentos-select-85-more-words-to-run-humanizer\/"},"modified":"2026-04-09T10:23:42","modified_gmt":"2026-04-09T08:23:42","slug":"de-datos-del-digital-product-passport-a-documentos","status":"publish","type":"page","link":"https:\/\/pagination.com\/es\/de-datos-del-digital-product-passport-a-documentos\/","title":{"rendered":"De datos del Digital Product Passport a documentos  Select 85 more words to run Humanizer."},"content":{"rendered":"","protected":false},"excerpt":{"rendered":"","protected":false},"author":40,"featured_media":0,"parent":0,"menu_order":0,"comment_status":"closed","ping_status":"closed","template":"templates\/new-page.php","meta":{"_acf_changed":false,"inline_featured_image":false,"footnotes":""},"class_list":["post-1000471","page","type-page","status-publish","hentry"],"acf":[],"yoast_head":"<!-- This site is optimized with the Yoast SEO Premium plugin v27.2 (Yoast SEO v27.2) - https:\/\/yoast.com\/product\/yoast-seo-premium-wordpress\/ -->\n<title>Automatizaci\u00f3n de Documentos del Digital Product Passport | Del DPP al PDF<\/title>\n<meta name=\"description\" content=\"Convierte autom\u00e1ticamente los datos del DPP en fichas t\u00e9cnicas, cat\u00e1logos y listas de precios. Mant\u00e9n los documentos siempre alineados con los datos DPP usando Pagination.\" \/>\n<meta name=\"robots\" content=\"index, follow, max-snippet:-1, max-image-preview:large, max-video-preview:-1\" \/>\n<link rel=\"canonical\" href=\"https:\/\/pagination.com\/es\/de-datos-del-digital-product-passport-a-documentos\/\" \/>\n<meta property=\"og:locale\" content=\"es_ES\" \/>\n<meta property=\"og:type\" content=\"article\" \/>\n<meta property=\"og:title\" content=\"De datos del Digital Product Passport a documentos Select 85 more words to run Humanizer.\" \/>\n<meta property=\"og:description\" content=\"Convierte autom\u00e1ticamente los datos del DPP en fichas t\u00e9cnicas, cat\u00e1logos y listas de precios. Mant\u00e9n los documentos siempre alineados con los datos DPP usando Pagination.\" \/>\n<meta property=\"og:url\" content=\"https:\/\/pagination.com\/es\/de-datos-del-digital-product-passport-a-documentos\/\" \/>\n<meta property=\"og:site_name\" content=\"Pagination.com\" \/>\n<meta property=\"article:publisher\" content=\"https:\/\/www.facebook.com\/paginationdotcom\/\" \/>\n<meta property=\"article:modified_time\" content=\"2026-04-09T08:23:42+00:00\" \/>\n<meta name=\"twitter:card\" content=\"summary_large_image\" \/>\n<meta name=\"twitter:site\" content=\"@pagination_com\" \/>\n<meta name=\"twitter:label1\" content=\"Tiempo de lectura\" \/>\n\t<meta name=\"twitter:data1\" content=\"5 minutos\" \/>\n<script type=\"application\/ld+json\" class=\"yoast-schema-graph\">{\"@context\":\"https:\/\/schema.org\",\"@graph\":[{\"@type\":\"WebPage\",\"@id\":\"https:\/\/pagination.com\/es\/de-datos-del-digital-product-passport-a-documentos\/\",\"url\":\"https:\/\/pagination.com\/es\/de-datos-del-digital-product-passport-a-documentos\/\",\"name\":\"Automatizaci\u00f3n de Documentos del Digital Product Passport | Del DPP al PDF\",\"isPartOf\":{\"@id\":\"https:\/\/pagination.com\/es\/#website\"},\"datePublished\":\"2026-04-08T13:21:27+00:00\",\"dateModified\":\"2026-04-09T08:23:42+00:00\",\"description\":\"Convierte autom\u00e1ticamente los datos del DPP en fichas t\u00e9cnicas, cat\u00e1logos y listas de precios. Mant\u00e9n los documentos siempre alineados con los datos DPP usando Pagination.\",\"breadcrumb\":{\"@id\":\"https:\/\/pagination.com\/es\/de-datos-del-digital-product-passport-a-documentos\/#breadcrumb\"},\"inLanguage\":\"es\",\"potentialAction\":[{\"@type\":\"ReadAction\",\"target\":[\"https:\/\/pagination.com\/es\/de-datos-del-digital-product-passport-a-documentos\/\"]}]},{\"@type\":\"BreadcrumbList\",\"@id\":\"https:\/\/pagination.com\/es\/de-datos-del-digital-product-passport-a-documentos\/#breadcrumb\",\"itemListElement\":[{\"@type\":\"ListItem\",\"position\":1,\"name\":\"Home\",\"item\":\"https:\/\/pagination.com\/es\/\"},{\"@type\":\"ListItem\",\"position\":2,\"name\":\"De datos del Digital Product Passport a documentos Select 85 more words to run Humanizer.\"}]},{\"@type\":\"WebSite\",\"@id\":\"https:\/\/pagination.com\/es\/#website\",\"url\":\"https:\/\/pagination.com\/es\/\",\"name\":\"Pagination.com\",\"description\":\"Software for Better Database Publishing\",\"potentialAction\":[{\"@type\":\"SearchAction\",\"target\":{\"@type\":\"EntryPoint\",\"urlTemplate\":\"https:\/\/pagination.com\/es\/?s={search_term_string}\"},\"query-input\":{\"@type\":\"PropertyValueSpecification\",\"valueRequired\":true,\"valueName\":\"search_term_string\"}}],\"inLanguage\":\"es\"}]}<\/script>\n<!-- \/ Yoast SEO Premium plugin. -->","yoast_head_json":{"title":"Automatizaci\u00f3n de Documentos del Digital Product Passport | Del DPP al PDF","description":"Convierte autom\u00e1ticamente los datos del DPP en fichas t\u00e9cnicas, cat\u00e1logos y listas de precios. Mant\u00e9n los documentos siempre alineados con los datos DPP usando Pagination.","robots":{"index":"index","follow":"follow","max-snippet":"max-snippet:-1","max-image-preview":"max-image-preview:large","max-video-preview":"max-video-preview:-1"},"canonical":"https:\/\/pagination.com\/es\/de-datos-del-digital-product-passport-a-documentos\/","og_locale":"es_ES","og_type":"article","og_title":"De datos del Digital Product Passport a documentos Select 85 more words to run Humanizer.","og_description":"Convierte autom\u00e1ticamente los datos del DPP en fichas t\u00e9cnicas, cat\u00e1logos y listas de precios. Mant\u00e9n los documentos siempre alineados con los datos DPP usando Pagination.","og_url":"https:\/\/pagination.com\/es\/de-datos-del-digital-product-passport-a-documentos\/","og_site_name":"Pagination.com","article_publisher":"https:\/\/www.facebook.com\/paginationdotcom\/","article_modified_time":"2026-04-09T08:23:42+00:00","twitter_card":"summary_large_image","twitter_site":"@pagination_com","twitter_misc":{"Tiempo de lectura":"5 minutos"},"schema":{"@context":"https:\/\/schema.org","@graph":[{"@type":"WebPage","@id":"https:\/\/pagination.com\/es\/de-datos-del-digital-product-passport-a-documentos\/","url":"https:\/\/pagination.com\/es\/de-datos-del-digital-product-passport-a-documentos\/","name":"Automatizaci\u00f3n de Documentos del Digital Product Passport | Del DPP al PDF","isPartOf":{"@id":"https:\/\/pagination.com\/es\/#website"},"datePublished":"2026-04-08T13:21:27+00:00","dateModified":"2026-04-09T08:23:42+00:00","description":"Convierte autom\u00e1ticamente los datos del DPP en fichas t\u00e9cnicas, cat\u00e1logos y listas de precios. Mant\u00e9n los documentos siempre alineados con los datos DPP usando Pagination.","breadcrumb":{"@id":"https:\/\/pagination.com\/es\/de-datos-del-digital-product-passport-a-documentos\/#breadcrumb"},"inLanguage":"es","potentialAction":[{"@type":"ReadAction","target":["https:\/\/pagination.com\/es\/de-datos-del-digital-product-passport-a-documentos\/"]}]},{"@type":"BreadcrumbList","@id":"https:\/\/pagination.com\/es\/de-datos-del-digital-product-passport-a-documentos\/#breadcrumb","itemListElement":[{"@type":"ListItem","position":1,"name":"Home","item":"https:\/\/pagination.com\/es\/"},{"@type":"ListItem","position":2,"name":"De datos del Digital Product Passport a documentos Select 85 more words to run Humanizer."}]},{"@type":"WebSite","@id":"https:\/\/pagination.com\/es\/#website","url":"https:\/\/pagination.com\/es\/","name":"Pagination.com","description":"Software for Better Database Publishing","potentialAction":[{"@type":"SearchAction","target":{"@type":"EntryPoint","urlTemplate":"https:\/\/pagination.com\/es\/?s={search_term_string}"},"query-input":{"@type":"PropertyValueSpecification","valueRequired":true,"valueName":"search_term_string"}}],"inLanguage":"es"}]}},"_links":{"self":[{"href":"https:\/\/pagination.com\/es\/wp-json\/wp\/v2\/pages\/1000471","targetHints":{"allow":["GET"]}}],"collection":[{"href":"https:\/\/pagination.com\/es\/wp-json\/wp\/v2\/pages"}],"about":[{"href":"https:\/\/pagination.com\/es\/wp-json\/wp\/v2\/types\/page"}],"author":[{"embeddable":true,"href":"https:\/\/pagination.com\/es\/wp-json\/wp\/v2\/users\/40"}],"replies":[{"embeddable":true,"href":"https:\/\/pagination.com\/es\/wp-json\/wp\/v2\/comments?post=1000471"}],"version-history":[{"count":1,"href":"https:\/\/pagination.com\/es\/wp-json\/wp\/v2\/pages\/1000471\/revisions"}],"predecessor-version":[{"id":1000472,"href":"https:\/\/pagination.com\/es\/wp-json\/wp\/v2\/pages\/1000471\/revisions\/1000472"}],"wp:attachment":[{"href":"https:\/\/pagination.com\/es\/wp-json\/wp\/v2\/media?parent=1000471"}],"curies":[{"name":"wp","href":"https:\/\/api.w.org\/{rel}","templated":true}]}}