{"id":192920,"date":"2017-01-10T17:03:48","date_gmt":"2017-01-10T17:03:48","guid":{"rendered":"https:\/\/sdz1qwqzc1.onrocket.site\/homepage\/"},"modified":"2025-09-11T16:21:08","modified_gmt":"2025-09-11T14:21:08","slug":"homepage","status":"publish","type":"page","link":"https:\/\/pagination.com\/sv\/","title":{"rendered":"Hemsida"},"content":{"rendered":"[rev_slider alias=&#8221;homepage-2-video-button1&#8243;] ","protected":false},"excerpt":{"rendered":"<p>[rev_slider alias=&rdquo;homepage-2-video-button1&Prime;]<\/p>\n","protected":false},"author":2,"featured_media":0,"parent":0,"menu_order":0,"comment_status":"closed","ping_status":"open","template":"templates\/homepage.php","meta":{"_acf_changed":false,"inline_featured_image":false,"footnotes":""},"class_list":["post-192920","page","type-page","status-publish","hentry"],"acf":[],"yoast_head":"<!-- This site is optimized with the Yoast SEO Premium plugin v27.2 (Yoast SEO v27.2) - https:\/\/yoast.com\/product\/yoast-seo-premium-wordpress\/ -->\n<title>Pagination.com - Den snabbaste v\u00e4gen fr\u00e5n data till dokument<\/title>\n<meta name=\"description\" content=\"Med pagination kan du ta data fr\u00e5n valfri k\u00e4lla (Excel, Access, SQL, Magento, Prestashop och mer) och konvertera dem till vackra dokument.\" \/>\n<meta name=\"robots\" content=\"index, follow, max-snippet:-1, max-image-preview:large, max-video-preview:-1\" \/>\n<link rel=\"canonical\" href=\"https:\/\/pagination.com\/sv\/\" \/>\n<meta property=\"og:locale\" content=\"sv_SE\" \/>\n<meta property=\"og:type\" content=\"article\" \/>\n<meta property=\"og:title\" content=\"Hemsida\" \/>\n<meta property=\"og:description\" content=\"Med pagination kan du ta data fr\u00e5n valfri k\u00e4lla (Excel, Access, SQL, Magento, Prestashop och mer) och konvertera dem till vackra dokument.\" \/>\n<meta property=\"og:url\" content=\"https:\/\/pagination.com\/sv\/\" \/>\n<meta property=\"og:site_name\" content=\"Pagination.com\" \/>\n<meta property=\"article:publisher\" content=\"https:\/\/www.facebook.com\/paginationdotcom\/\" \/>\n<meta property=\"article:modified_time\" content=\"2025-09-11T14:21:08+00:00\" \/>\n<meta name=\"twitter:card\" content=\"summary_large_image\" \/>\n<meta name=\"twitter:site\" content=\"@pagination_com\" \/>\n<meta name=\"twitter:label1\" content=\"Ber\u00e4knad l\u00e4stid\" \/>\n\t<meta name=\"twitter:data1\" content=\"4 minuter\" \/>\n<script type=\"application\/ld+json\" class=\"yoast-schema-graph\">{\"@context\":\"https:\/\/schema.org\",\"@graph\":[{\"@type\":\"WebPage\",\"@id\":\"https:\/\/pagination.com\/sv\/\",\"url\":\"https:\/\/pagination.com\/sv\/\",\"name\":\"Pagination.com - Den snabbaste v\u00e4gen fr\u00e5n data till dokument\",\"isPartOf\":{\"@id\":\"https:\/\/pagination.com\/sv\/#website\"},\"datePublished\":\"2017-01-10T17:03:48+00:00\",\"dateModified\":\"2025-09-11T14:21:08+00:00\",\"description\":\"Med pagination kan du ta data fr\u00e5n valfri k\u00e4lla (Excel, Access, SQL, Magento, Prestashop och mer) och konvertera dem till vackra dokument.\",\"breadcrumb\":{\"@id\":\"https:\/\/pagination.com\/sv\/#breadcrumb\"},\"inLanguage\":\"sv-SE\",\"potentialAction\":[{\"@type\":\"ReadAction\",\"target\":[\"https:\/\/pagination.com\/sv\/\"]}]},{\"@type\":\"BreadcrumbList\",\"@id\":\"https:\/\/pagination.com\/sv\/#breadcrumb\",\"itemListElement\":[{\"@type\":\"ListItem\",\"position\":1,\"name\":\"Home\",\"item\":\"https:\/\/pagination.com\/sv\/\"},{\"@type\":\"ListItem\",\"position\":2,\"name\":\"Hemsida\"}]},{\"@type\":\"WebSite\",\"@id\":\"https:\/\/pagination.com\/sv\/#website\",\"url\":\"https:\/\/pagination.com\/sv\/\",\"name\":\"Pagination.com\",\"description\":\"Software for Better Database Publishing\",\"potentialAction\":[{\"@type\":\"SearchAction\",\"target\":{\"@type\":\"EntryPoint\",\"urlTemplate\":\"https:\/\/pagination.com\/sv\/?s={search_term_string}\"},\"query-input\":{\"@type\":\"PropertyValueSpecification\",\"valueRequired\":true,\"valueName\":\"search_term_string\"}}],\"inLanguage\":\"sv-SE\"}]}<\/script>\n<!-- \/ Yoast SEO Premium plugin. -->","yoast_head_json":{"title":"Pagination.com - Den snabbaste v\u00e4gen fr\u00e5n data till dokument","description":"Med pagination kan du ta data fr\u00e5n valfri k\u00e4lla (Excel, Access, SQL, Magento, Prestashop och mer) och konvertera dem till vackra dokument.","robots":{"index":"index","follow":"follow","max-snippet":"max-snippet:-1","max-image-preview":"max-image-preview:large","max-video-preview":"max-video-preview:-1"},"canonical":"https:\/\/pagination.com\/sv\/","og_locale":"sv_SE","og_type":"article","og_title":"Hemsida","og_description":"Med pagination kan du ta data fr\u00e5n valfri k\u00e4lla (Excel, Access, SQL, Magento, Prestashop och mer) och konvertera dem till vackra dokument.","og_url":"https:\/\/pagination.com\/sv\/","og_site_name":"Pagination.com","article_publisher":"https:\/\/www.facebook.com\/paginationdotcom\/","article_modified_time":"2025-09-11T14:21:08+00:00","twitter_card":"summary_large_image","twitter_site":"@pagination_com","twitter_misc":{"Ber\u00e4knad l\u00e4stid":"4 minuter"},"schema":{"@context":"https:\/\/schema.org","@graph":[{"@type":"WebPage","@id":"https:\/\/pagination.com\/sv\/","url":"https:\/\/pagination.com\/sv\/","name":"Pagination.com - Den snabbaste v\u00e4gen fr\u00e5n data till dokument","isPartOf":{"@id":"https:\/\/pagination.com\/sv\/#website"},"datePublished":"2017-01-10T17:03:48+00:00","dateModified":"2025-09-11T14:21:08+00:00","description":"Med pagination kan du ta data fr\u00e5n valfri k\u00e4lla (Excel, Access, SQL, Magento, Prestashop och mer) och konvertera dem till vackra dokument.","breadcrumb":{"@id":"https:\/\/pagination.com\/sv\/#breadcrumb"},"inLanguage":"sv-SE","potentialAction":[{"@type":"ReadAction","target":["https:\/\/pagination.com\/sv\/"]}]},{"@type":"BreadcrumbList","@id":"https:\/\/pagination.com\/sv\/#breadcrumb","itemListElement":[{"@type":"ListItem","position":1,"name":"Home","item":"https:\/\/pagination.com\/sv\/"},{"@type":"ListItem","position":2,"name":"Hemsida"}]},{"@type":"WebSite","@id":"https:\/\/pagination.com\/sv\/#website","url":"https:\/\/pagination.com\/sv\/","name":"Pagination.com","description":"Software for Better Database Publishing","potentialAction":[{"@type":"SearchAction","target":{"@type":"EntryPoint","urlTemplate":"https:\/\/pagination.com\/sv\/?s={search_term_string}"},"query-input":{"@type":"PropertyValueSpecification","valueRequired":true,"valueName":"search_term_string"}}],"inLanguage":"sv-SE"}]}},"_links":{"self":[{"href":"https:\/\/pagination.com\/sv\/wp-json\/wp\/v2\/pages\/192920","targetHints":{"allow":["GET"]}}],"collection":[{"href":"https:\/\/pagination.com\/sv\/wp-json\/wp\/v2\/pages"}],"about":[{"href":"https:\/\/pagination.com\/sv\/wp-json\/wp\/v2\/types\/page"}],"author":[{"embeddable":true,"href":"https:\/\/pagination.com\/sv\/wp-json\/wp\/v2\/users\/2"}],"replies":[{"embeddable":true,"href":"https:\/\/pagination.com\/sv\/wp-json\/wp\/v2\/comments?post=192920"}],"version-history":[{"count":1,"href":"https:\/\/pagination.com\/sv\/wp-json\/wp\/v2\/pages\/192920\/revisions"}],"predecessor-version":[{"id":213452,"href":"https:\/\/pagination.com\/sv\/wp-json\/wp\/v2\/pages\/192920\/revisions\/213452"}],"wp:attachment":[{"href":"https:\/\/pagination.com\/sv\/wp-json\/wp\/v2\/media?parent=192920"}],"curies":[{"name":"wp","href":"https:\/\/api.w.org\/{rel}","templated":true}]}}