{"id":192883,"date":"2017-01-30T12:03:47","date_gmt":"2017-01-30T12:03:47","guid":{"rendered":"https:\/\/sdz1qwqzc1.onrocket.site\/about-us\/"},"modified":"2022-09-20T13:02:05","modified_gmt":"2022-09-20T11:02:05","slug":"about-us","status":"publish","type":"page","link":"https:\/\/pagination.com\/tr\/about-us\/","title":{"rendered":"Hakk\u0131m\u0131zda"},"content":{"rendered":"G\u00fcn\u00fcm\u00fczde \u00e7o\u011fu dok\u00fcman bilgisi elektronik formlardan, veri tabanlar\u0131ndan ve di\u011fer i\u015f uygulamalar\u0131ndan geliyor ve daha da \u00f6nemlisi bu e\u011filim b\u00fcy\u00fcmeye ve de\u011fi\u015fmeye devam ediyor. Bu trende hitap etmek amac\u0131yla 2009 y\u0131l\u0131nda \u201cPagination\u201d \u0131 kurduk. Ba\u015fl\u0131ca misyonumuz; verilerin do\u011fru ve h\u0131zl\u0131 bir bi\u00e7imde yay\u0131nlanmas\u0131 i\u00e7in esnek \u00e7\u00f6z\u00fcmler sunmak. &nbsp; Veri Merkezleri SATI\u015e MERKEZLER\u0130 ABD <a href=\"tel:+1 [...]","protected":false},"excerpt":{"rendered":"<p>G&uuml;n&uuml;m&uuml;zde &ccedil;o&#287;u dok&uuml;man bilgisi elektronik formlardan, veri tabanlar&#305;ndan ve di&#287;er i&#351; uygulamalar&#305;ndan geliyor ve daha da &ouml;nemlisi bu e&#287;ilim b&uuml;y&uuml;meye ve de&#287;i&#351;meye devam ediyor. Bu trende hitap etmek amac&#305;yla 2009 y&#305;l&#305;nda &ldquo;Pagination&rdquo; &#305; kurduk. Ba&#351;l&#305;ca misyonumuz; verilerin do&#287;ru ve h&#305;zl&#305; bir bi&ccedil;imde yay&#305;nlanmas&#305; i&ccedil;in esnek &ccedil;&ouml;z&uuml;mler sunmak. &nbsp; Veri Merkezleri SATI&#350; MERKEZLER&#304; ABD<\/p>\n","protected":false},"author":2,"featured_media":0,"parent":0,"menu_order":0,"comment_status":"closed","ping_status":"closed","template":"templates\/about.php","meta":{"_acf_changed":false,"inline_featured_image":false,"footnotes":""},"class_list":["post-192883","page","type-page","status-publish","hentry"],"acf":[],"yoast_head":"<!-- This site is optimized with the Yoast SEO Premium plugin v27.2 (Yoast SEO v27.2) - https:\/\/yoast.com\/product\/yoast-seo-premium-wordpress\/ -->\n<title>Hakk\u0131m\u0131zda - Pagination.com<\/title>\n<meta name=\"description\" content=\"Pagination, bulut tabanl\u0131 bir veritaban\u0131 yay\u0131nlama hizmetidir. Misyonumuz, verileri h\u0131zl\u0131 ve do\u011fru bir \u015fekilde yay\u0131nlamak i\u00e7in esnek \u00e7\u00f6z\u00fcmler sunmakt\u0131r.\" \/>\n<meta name=\"robots\" content=\"index, follow, max-snippet:-1, max-image-preview:large, max-video-preview:-1\" \/>\n<link rel=\"canonical\" href=\"https:\/\/pagination.com\/tr\/about-us\/\" \/>\n<meta property=\"og:locale\" content=\"tr_TR\" \/>\n<meta property=\"og:type\" content=\"article\" \/>\n<meta property=\"og:title\" content=\"Hakk\u0131m\u0131zda\" \/>\n<meta property=\"og:description\" content=\"Pagination, bulut tabanl\u0131 bir veritaban\u0131 yay\u0131nlama hizmetidir. Misyonumuz, verileri h\u0131zl\u0131 ve do\u011fru bir \u015fekilde yay\u0131nlamak i\u00e7in esnek \u00e7\u00f6z\u00fcmler sunmakt\u0131r.\" \/>\n<meta property=\"og:url\" content=\"https:\/\/pagination.com\/tr\/about-us\/\" \/>\n<meta property=\"og:site_name\" content=\"Pagination.com\" \/>\n<meta property=\"article:publisher\" content=\"https:\/\/www.facebook.com\/paginationdotcom\/\" \/>\n<meta property=\"article:modified_time\" content=\"2022-09-20T11:02:05+00:00\" \/>\n<meta name=\"twitter:card\" content=\"summary_large_image\" \/>\n<meta name=\"twitter:site\" content=\"@pagination_com\" \/>\n<meta name=\"twitter:label1\" content=\"Tahmini okuma s\u00fcresi\" \/>\n\t<meta name=\"twitter:data1\" content=\"1 dakika\" \/>\n<script type=\"application\/ld+json\" class=\"yoast-schema-graph\">{\"@context\":\"https:\/\/schema.org\",\"@graph\":[{\"@type\":\"WebPage\",\"@id\":\"https:\/\/pagination.com\/tr\/about-us\/\",\"url\":\"https:\/\/pagination.com\/tr\/about-us\/\",\"name\":\"Hakk\u0131m\u0131zda - Pagination.com\",\"isPartOf\":{\"@id\":\"https:\/\/pagination.com\/tr\/#website\"},\"datePublished\":\"2017-01-30T12:03:47+00:00\",\"dateModified\":\"2022-09-20T11:02:05+00:00\",\"description\":\"Pagination, bulut tabanl\u0131 bir veritaban\u0131 yay\u0131nlama hizmetidir. Misyonumuz, verileri h\u0131zl\u0131 ve do\u011fru bir \u015fekilde yay\u0131nlamak i\u00e7in esnek \u00e7\u00f6z\u00fcmler sunmakt\u0131r.\",\"breadcrumb\":{\"@id\":\"https:\/\/pagination.com\/tr\/about-us\/#breadcrumb\"},\"inLanguage\":\"tr\",\"potentialAction\":[{\"@type\":\"ReadAction\",\"target\":[\"https:\/\/pagination.com\/tr\/about-us\/\"]}]},{\"@type\":\"BreadcrumbList\",\"@id\":\"https:\/\/pagination.com\/tr\/about-us\/#breadcrumb\",\"itemListElement\":[{\"@type\":\"ListItem\",\"position\":1,\"name\":\"Home\",\"item\":\"https:\/\/pagination.com\/tr\/\"},{\"@type\":\"ListItem\",\"position\":2,\"name\":\"Hakk\u0131m\u0131zda\"}]},{\"@type\":\"WebSite\",\"@id\":\"https:\/\/pagination.com\/tr\/#website\",\"url\":\"https:\/\/pagination.com\/tr\/\",\"name\":\"Pagination.com\",\"description\":\"Software for Better Database Publishing\",\"potentialAction\":[{\"@type\":\"SearchAction\",\"target\":{\"@type\":\"EntryPoint\",\"urlTemplate\":\"https:\/\/pagination.com\/tr\/?s={search_term_string}\"},\"query-input\":{\"@type\":\"PropertyValueSpecification\",\"valueRequired\":true,\"valueName\":\"search_term_string\"}}],\"inLanguage\":\"tr\"}]}<\/script>\n<!-- \/ Yoast SEO Premium plugin. -->","yoast_head_json":{"title":"Hakk\u0131m\u0131zda - Pagination.com","description":"Pagination, bulut tabanl\u0131 bir veritaban\u0131 yay\u0131nlama hizmetidir. Misyonumuz, verileri h\u0131zl\u0131 ve do\u011fru bir \u015fekilde yay\u0131nlamak i\u00e7in esnek \u00e7\u00f6z\u00fcmler sunmakt\u0131r.","robots":{"index":"index","follow":"follow","max-snippet":"max-snippet:-1","max-image-preview":"max-image-preview:large","max-video-preview":"max-video-preview:-1"},"canonical":"https:\/\/pagination.com\/tr\/about-us\/","og_locale":"tr_TR","og_type":"article","og_title":"Hakk\u0131m\u0131zda","og_description":"Pagination, bulut tabanl\u0131 bir veritaban\u0131 yay\u0131nlama hizmetidir. Misyonumuz, verileri h\u0131zl\u0131 ve do\u011fru bir \u015fekilde yay\u0131nlamak i\u00e7in esnek \u00e7\u00f6z\u00fcmler sunmakt\u0131r.","og_url":"https:\/\/pagination.com\/tr\/about-us\/","og_site_name":"Pagination.com","article_publisher":"https:\/\/www.facebook.com\/paginationdotcom\/","article_modified_time":"2022-09-20T11:02:05+00:00","twitter_card":"summary_large_image","twitter_site":"@pagination_com","twitter_misc":{"Tahmini okuma s\u00fcresi":"1 dakika"},"schema":{"@context":"https:\/\/schema.org","@graph":[{"@type":"WebPage","@id":"https:\/\/pagination.com\/tr\/about-us\/","url":"https:\/\/pagination.com\/tr\/about-us\/","name":"Hakk\u0131m\u0131zda - Pagination.com","isPartOf":{"@id":"https:\/\/pagination.com\/tr\/#website"},"datePublished":"2017-01-30T12:03:47+00:00","dateModified":"2022-09-20T11:02:05+00:00","description":"Pagination, bulut tabanl\u0131 bir veritaban\u0131 yay\u0131nlama hizmetidir. Misyonumuz, verileri h\u0131zl\u0131 ve do\u011fru bir \u015fekilde yay\u0131nlamak i\u00e7in esnek \u00e7\u00f6z\u00fcmler sunmakt\u0131r.","breadcrumb":{"@id":"https:\/\/pagination.com\/tr\/about-us\/#breadcrumb"},"inLanguage":"tr","potentialAction":[{"@type":"ReadAction","target":["https:\/\/pagination.com\/tr\/about-us\/"]}]},{"@type":"BreadcrumbList","@id":"https:\/\/pagination.com\/tr\/about-us\/#breadcrumb","itemListElement":[{"@type":"ListItem","position":1,"name":"Home","item":"https:\/\/pagination.com\/tr\/"},{"@type":"ListItem","position":2,"name":"Hakk\u0131m\u0131zda"}]},{"@type":"WebSite","@id":"https:\/\/pagination.com\/tr\/#website","url":"https:\/\/pagination.com\/tr\/","name":"Pagination.com","description":"Software for Better Database Publishing","potentialAction":[{"@type":"SearchAction","target":{"@type":"EntryPoint","urlTemplate":"https:\/\/pagination.com\/tr\/?s={search_term_string}"},"query-input":{"@type":"PropertyValueSpecification","valueRequired":true,"valueName":"search_term_string"}}],"inLanguage":"tr"}]}},"_links":{"self":[{"href":"https:\/\/pagination.com\/tr\/wp-json\/wp\/v2\/pages\/192883","targetHints":{"allow":["GET"]}}],"collection":[{"href":"https:\/\/pagination.com\/tr\/wp-json\/wp\/v2\/pages"}],"about":[{"href":"https:\/\/pagination.com\/tr\/wp-json\/wp\/v2\/types\/page"}],"author":[{"embeddable":true,"href":"https:\/\/pagination.com\/tr\/wp-json\/wp\/v2\/users\/2"}],"replies":[{"embeddable":true,"href":"https:\/\/pagination.com\/tr\/wp-json\/wp\/v2\/comments?post=192883"}],"version-history":[{"count":0,"href":"https:\/\/pagination.com\/tr\/wp-json\/wp\/v2\/pages\/192883\/revisions"}],"wp:attachment":[{"href":"https:\/\/pagination.com\/tr\/wp-json\/wp\/v2\/media?parent=192883"}],"curies":[{"name":"wp","href":"https:\/\/api.w.org\/{rel}","templated":true}]}}