{"id":192938,"date":"2019-12-05T13:18:12","date_gmt":"2019-12-05T13:18:12","guid":{"rendered":"https:\/\/sdz1qwqzc1.onrocket.site\/thecompleteguide\/"},"modified":"2019-12-28T18:30:07","modified_gmt":"2019-12-28T18:30:07","slug":"thecompleteguide","status":"publish","type":"page","link":"https:\/\/pagination.com\/tr\/thecompleteguide\/","title":{"rendered":"Pagination&#8217;\u0131 yak\u0131ndan tan\u0131y\u0131n"},"content":{"rendered":"","protected":false},"excerpt":{"rendered":"","protected":false},"author":31,"featured_media":0,"parent":0,"menu_order":0,"comment_status":"closed","ping_status":"open","template":"templates\/new-page.php","meta":{"_acf_changed":false,"inline_featured_image":false,"footnotes":""},"class_list":["post-192938","page","type-page","status-publish","hentry"],"acf":[],"yoast_head":"<!-- This site is optimized with the Yoast SEO Premium plugin v27.2 (Yoast SEO v27.2) - https:\/\/yoast.com\/product\/yoast-seo-premium-wordpress\/ -->\n<title>How to make a catalog: the complete guide - Pagination.com<\/title>\n<meta name=\"description\" content=\"Rehberimizle nas\u0131l profesyonel katalog olu\u015fturaca\u011f\u0131n\u0131z\u0131 ke\u015ffedin. Edit\u00f6ryal projenizi en iyi \u015fekilde olu\u015fturmak i\u00e7in bilmeniz ve yapman\u0131z gereken her \u015fey.\" \/>\n<meta name=\"robots\" content=\"index, follow, max-snippet:-1, max-image-preview:large, max-video-preview:-1\" \/>\n<link rel=\"canonical\" href=\"https:\/\/pagination.com\/tr\/thecompleteguide\/\" \/>\n<meta property=\"og:locale\" content=\"tr_TR\" \/>\n<meta property=\"og:type\" content=\"article\" \/>\n<meta property=\"og:title\" content=\"Pagination&#039;\u0131 yak\u0131ndan tan\u0131y\u0131n\" \/>\n<meta property=\"og:description\" content=\"Rehberimizle nas\u0131l profesyonel katalog olu\u015fturaca\u011f\u0131n\u0131z\u0131 ke\u015ffedin. Edit\u00f6ryal projenizi en iyi \u015fekilde olu\u015fturmak i\u00e7in bilmeniz ve yapman\u0131z gereken her \u015fey.\" \/>\n<meta property=\"og:url\" content=\"https:\/\/pagination.com\/tr\/thecompleteguide\/\" \/>\n<meta property=\"og:site_name\" content=\"Pagination.com\" \/>\n<meta property=\"article:publisher\" content=\"https:\/\/www.facebook.com\/paginationdotcom\/\" \/>\n<meta property=\"article:modified_time\" content=\"2019-12-28T18:30:07+00:00\" \/>\n<meta name=\"twitter:card\" content=\"summary_large_image\" \/>\n<meta name=\"twitter:site\" content=\"@pagination_com\" \/>\n<script type=\"application\/ld+json\" class=\"yoast-schema-graph\">{\"@context\":\"https:\/\/schema.org\",\"@graph\":[{\"@type\":\"WebPage\",\"@id\":\"https:\/\/pagination.com\/tr\/thecompleteguide\/\",\"url\":\"https:\/\/pagination.com\/tr\/thecompleteguide\/\",\"name\":\"How to make a catalog: the complete guide - Pagination.com\",\"isPartOf\":{\"@id\":\"https:\/\/pagination.com\/tr\/#website\"},\"datePublished\":\"2019-12-05T13:18:12+00:00\",\"dateModified\":\"2019-12-28T18:30:07+00:00\",\"description\":\"Rehberimizle nas\u0131l profesyonel katalog olu\u015fturaca\u011f\u0131n\u0131z\u0131 ke\u015ffedin. Edit\u00f6ryal projenizi en iyi \u015fekilde olu\u015fturmak i\u00e7in bilmeniz ve yapman\u0131z gereken her \u015fey.\",\"breadcrumb\":{\"@id\":\"https:\/\/pagination.com\/tr\/thecompleteguide\/#breadcrumb\"},\"inLanguage\":\"tr\",\"potentialAction\":[{\"@type\":\"ReadAction\",\"target\":[\"https:\/\/pagination.com\/tr\/thecompleteguide\/\"]}]},{\"@type\":\"BreadcrumbList\",\"@id\":\"https:\/\/pagination.com\/tr\/thecompleteguide\/#breadcrumb\",\"itemListElement\":[{\"@type\":\"ListItem\",\"position\":1,\"name\":\"Home\",\"item\":\"https:\/\/pagination.com\/tr\/\"},{\"@type\":\"ListItem\",\"position\":2,\"name\":\"Pagination&#8217;\u0131 yak\u0131ndan tan\u0131y\u0131n\"}]},{\"@type\":\"WebSite\",\"@id\":\"https:\/\/pagination.com\/tr\/#website\",\"url\":\"https:\/\/pagination.com\/tr\/\",\"name\":\"Pagination.com\",\"description\":\"Software for Better Database Publishing\",\"potentialAction\":[{\"@type\":\"SearchAction\",\"target\":{\"@type\":\"EntryPoint\",\"urlTemplate\":\"https:\/\/pagination.com\/tr\/?s={search_term_string}\"},\"query-input\":{\"@type\":\"PropertyValueSpecification\",\"valueRequired\":true,\"valueName\":\"search_term_string\"}}],\"inLanguage\":\"tr\"}]}<\/script>\n<!-- \/ Yoast SEO Premium plugin. -->","yoast_head_json":{"title":"How to make a catalog: the complete guide - Pagination.com","description":"Rehberimizle nas\u0131l profesyonel katalog olu\u015fturaca\u011f\u0131n\u0131z\u0131 ke\u015ffedin. Edit\u00f6ryal projenizi en iyi \u015fekilde olu\u015fturmak i\u00e7in bilmeniz ve yapman\u0131z gereken her \u015fey.","robots":{"index":"index","follow":"follow","max-snippet":"max-snippet:-1","max-image-preview":"max-image-preview:large","max-video-preview":"max-video-preview:-1"},"canonical":"https:\/\/pagination.com\/tr\/thecompleteguide\/","og_locale":"tr_TR","og_type":"article","og_title":"Pagination'\u0131 yak\u0131ndan tan\u0131y\u0131n","og_description":"Rehberimizle nas\u0131l profesyonel katalog olu\u015fturaca\u011f\u0131n\u0131z\u0131 ke\u015ffedin. Edit\u00f6ryal projenizi en iyi \u015fekilde olu\u015fturmak i\u00e7in bilmeniz ve yapman\u0131z gereken her \u015fey.","og_url":"https:\/\/pagination.com\/tr\/thecompleteguide\/","og_site_name":"Pagination.com","article_publisher":"https:\/\/www.facebook.com\/paginationdotcom\/","article_modified_time":"2019-12-28T18:30:07+00:00","twitter_card":"summary_large_image","twitter_site":"@pagination_com","schema":{"@context":"https:\/\/schema.org","@graph":[{"@type":"WebPage","@id":"https:\/\/pagination.com\/tr\/thecompleteguide\/","url":"https:\/\/pagination.com\/tr\/thecompleteguide\/","name":"How to make a catalog: the complete guide - Pagination.com","isPartOf":{"@id":"https:\/\/pagination.com\/tr\/#website"},"datePublished":"2019-12-05T13:18:12+00:00","dateModified":"2019-12-28T18:30:07+00:00","description":"Rehberimizle nas\u0131l profesyonel katalog olu\u015fturaca\u011f\u0131n\u0131z\u0131 ke\u015ffedin. Edit\u00f6ryal projenizi en iyi \u015fekilde olu\u015fturmak i\u00e7in bilmeniz ve yapman\u0131z gereken her \u015fey.","breadcrumb":{"@id":"https:\/\/pagination.com\/tr\/thecompleteguide\/#breadcrumb"},"inLanguage":"tr","potentialAction":[{"@type":"ReadAction","target":["https:\/\/pagination.com\/tr\/thecompleteguide\/"]}]},{"@type":"BreadcrumbList","@id":"https:\/\/pagination.com\/tr\/thecompleteguide\/#breadcrumb","itemListElement":[{"@type":"ListItem","position":1,"name":"Home","item":"https:\/\/pagination.com\/tr\/"},{"@type":"ListItem","position":2,"name":"Pagination&#8217;\u0131 yak\u0131ndan tan\u0131y\u0131n"}]},{"@type":"WebSite","@id":"https:\/\/pagination.com\/tr\/#website","url":"https:\/\/pagination.com\/tr\/","name":"Pagination.com","description":"Software for Better Database Publishing","potentialAction":[{"@type":"SearchAction","target":{"@type":"EntryPoint","urlTemplate":"https:\/\/pagination.com\/tr\/?s={search_term_string}"},"query-input":{"@type":"PropertyValueSpecification","valueRequired":true,"valueName":"search_term_string"}}],"inLanguage":"tr"}]}},"_links":{"self":[{"href":"https:\/\/pagination.com\/tr\/wp-json\/wp\/v2\/pages\/192938","targetHints":{"allow":["GET"]}}],"collection":[{"href":"https:\/\/pagination.com\/tr\/wp-json\/wp\/v2\/pages"}],"about":[{"href":"https:\/\/pagination.com\/tr\/wp-json\/wp\/v2\/types\/page"}],"author":[{"embeddable":true,"href":"https:\/\/pagination.com\/tr\/wp-json\/wp\/v2\/users\/31"}],"replies":[{"embeddable":true,"href":"https:\/\/pagination.com\/tr\/wp-json\/wp\/v2\/comments?post=192938"}],"version-history":[{"count":0,"href":"https:\/\/pagination.com\/tr\/wp-json\/wp\/v2\/pages\/192938\/revisions"}],"wp:attachment":[{"href":"https:\/\/pagination.com\/tr\/wp-json\/wp\/v2\/media?parent=192938"}],"curies":[{"name":"wp","href":"https:\/\/api.w.org\/{rel}","templated":true}]}}